{"id":1571,"date":"2018-03-19T11:32:47","date_gmt":"2018-03-19T11:32:47","guid":{"rendered":"https:\/\/lapalmita-lapalma.com\/disclaimer\/"},"modified":"2024-05-16T06:51:50","modified_gmt":"2024-05-16T06:51:50","slug":"clause-de-non-responsabilite","status":"publish","type":"page","link":"https:\/\/lapalmita-lapalma.com\/fr\/clause-de-non-responsabilite\/","title":{"rendered":"Clause de non-responsabilit\u00e9"},"content":{"rendered":"\n<div class=\"wp-block-uagb-container uagb-block-12b04391 alignfull uagb-is-root-container\"><div class=\"uagb-container-inner-blocks-wrap\">\n<h1>Descargo de responsabilidad para lapalmita-lapalma.com<\/h1>\n<p>En esta p\u00e1gina encontrar\u00e1 el descargo de responsabilidad de lapalmita-lapalma.com, puesto a disposici\u00f3n por La Palmita. En este descargo de responsabilidad, indicamos bajo qu\u00e9 reservaci\u00f3n le ofrecemos la informaci\u00f3n en nuestro sitio web.<\/p>\n<h3>Propiedad intelectual<\/h3>\n<p>El uso de la informaci\u00f3n en este sitio web es gratuito siempre que no copie, distribuya o utilice o haga un mal uso de esta informaci\u00f3n. Solo puede volver a utilizar la informaci\u00f3n en este sitio web de acuerdo con las regulaciones de la ley obligatoria.<\/p>\n<p>Sin el permiso expreso por escrito de La Palmita, no est\u00e1 permitido reutilizar texto, material fotogr\u00e1fico u otros materiales en este sitio web. La propiedad intelectual pertenece a La Palmita.<\/p>\n<h3>Sin garant\u00eda de precisi\u00f3n<\/h3>\n<p>Para los precios en nuestro sitio web, nos esforzamos por la representaci\u00f3n m\u00e1s precisa de la realidad y los precios previstos. Los errores que surgen y son reconocibles como errores de programaci\u00f3n o de tipeo nunca forman un motivo para reclamar o asumir un contrato o acuerdo con La Palmita.<\/p>\n<p>La Palmita se esfuerza por tener un sitio web lo m\u00e1s actualizado posible. Si, a pesar de estos esfuerzos, la informaci\u00f3n o el contenido de este sitio web est\u00e1 incompleto y \/ o es incorrecto, no podemos aceptar ninguna responsabilidad por esto.<\/p>\n<p>La informaci\u00f3n y \/ o productos en este sitio web se ofrecen sin ning\u00fan tipo de garant\u00eda y \/ o reclamo de correcci\u00f3n. Nos reservamos el derecho de cambiar, eliminar o volver a instalar estos materiales sin previo aviso. La Palmita no acepta ninguna responsabilidad por la informaci\u00f3n contenida en los sitios web a los que nos referimos a trav\u00e9s de hiperv\u00ednculos.<\/p>\n<h3>Enmiendas<\/h3>\n<p>Si esta cl\u00e1usula de exenci\u00f3n de responsabilidad cambia, encontrar\u00e1 la versi\u00f3n m\u00e1s reciente de la exenci\u00f3n de responsabilidad en lapalmita-lapalma.com.<\/p>\n<p><em>Este descargo de responsabilidad se genera en <a href=\"https:\/\/disclaimerwebsitevoorbeeld.nl\/\" target=\"_blank\" rel=\"noopener noreferrer nofollow\">https:\/\/disclaimerwebsitevoorbeeld.nl\/<\/a>\u00a0y luego se traduce al Espa\u00f1ol.<\/em><\/p>\n\n\n\n<p><\/p>\n<\/div><\/div>\n","protected":false},"excerpt":{"rendered":"<p>Descargo de responsabilidad para lapalmita-lapalma.com En esta p\u00e1gina encontrar\u00e1 el descargo de responsabilidad de lapalmita-lapalma.com, puesto a disposici\u00f3n por La [&hellip;]<\/p>\n","protected":false},"author":2,"featured_media":0,"parent":0,"menu_order":0,"comment_status":"closed","ping_status":"closed","template":"","meta":{"_uag_custom_page_level_css":"","site-sidebar-layout":"default","site-content-layout":"","ast-site-content-layout":"default","site-content-style":"default","site-sidebar-style":"default","ast-global-header-display":"","ast-banner-title-visibility":"","ast-main-header-display":"","ast-hfb-above-header-display":"","ast-hfb-below-header-display":"","ast-hfb-mobile-header-display":"","site-post-title":"disabled","ast-breadcrumbs-content":"","ast-featured-img":"","footer-sml-layout":"","ast-disable-related-posts":"","theme-transparent-header-meta":"","adv-header-id-meta":"","stick-header-meta":"","header-above-stick-meta":"","header-main-stick-meta":"","header-below-stick-meta":"","astra-migrate-meta-layouts":"default","ast-page-background-enabled":"default","ast-page-background-meta":{"desktop":{"background-color":"var(--ast-global-color-4)","background-image":"","background-repeat":"repeat","background-position":"center center","background-size":"auto","background-attachment":"scroll","background-type":"","background-media":"","overlay-type":"","overlay-color":"","overlay-opacity":"","overlay-gradient":""},"tablet":{"background-color":"","background-image":"","background-repeat":"repeat","background-position":"center center","background-size":"auto","background-attachment":"scroll","background-type":"","background-media":"","overlay-type":"","overlay-color":"","overlay-opacity":"","overlay-gradient":""},"mobile":{"background-color":"","background-image":"","background-repeat":"repeat","background-position":"center center","background-size":"auto","background-attachment":"scroll","background-type":"","background-media":"","overlay-type":"","overlay-color":"","overlay-opacity":"","overlay-gradient":""}},"ast-content-background-meta":{"desktop":{"background-color":"var(--ast-global-color-5)","background-image":"","background-repeat":"repeat","background-position":"center center","background-size":"auto","background-attachment":"scroll","background-type":"","background-media":"","overlay-type":"","overlay-color":"","overlay-opacity":"","overlay-gradient":""},"tablet":{"background-color":"var(--ast-global-color-5)","background-image":"","background-repeat":"repeat","background-position":"center center","background-size":"auto","background-attachment":"scroll","background-type":"","background-media":"","overlay-type":"","overlay-color":"","overlay-opacity":"","overlay-gradient":""},"mobile":{"background-color":"var(--ast-global-color-5)","background-image":"","background-repeat":"repeat","background-position":"center center","background-size":"auto","background-attachment":"scroll","background-type":"","background-media":"","overlay-type":"","overlay-color":"","overlay-opacity":"","overlay-gradient":""}},"footnotes":""},"class_list":["post-1571","page","type-page","status-publish","hentry"],"yoast_head":"<!-- This site is optimized with the Yoast SEO plugin v27.3 - https:\/\/yoast.com\/product\/yoast-seo-wordpress\/ -->\n<title>Clause de non-responsabilit\u00e9 - La Palmita La Palma - Appartement-penthouse avec toit-terrasse grande et vue panoramique<\/title>\n<meta name=\"robots\" content=\"index, follow, max-snippet:-1, max-image-preview:large, max-video-preview:-1\" \/>\n<link rel=\"canonical\" href=\"https:\/\/lapalmita-lapalma.com\/fr\/clause-de-non-responsabilite\/\" \/>\n<meta property=\"og:locale\" content=\"fr_FR\" \/>\n<meta property=\"og:type\" content=\"article\" \/>\n<meta property=\"og:title\" content=\"Clause de non-responsabilit\u00e9 - La Palmita La Palma - Appartement-penthouse avec toit-terrasse grande et vue panoramique\" \/>\n<meta property=\"og:description\" content=\"Descargo de responsabilidad para lapalmita-lapalma.com En esta p\u00e1gina encontrar\u00e1 el descargo de responsabilidad de lapalmita-lapalma.com, puesto a disposici\u00f3n por La [&hellip;]\" \/>\n<meta property=\"og:url\" content=\"https:\/\/lapalmita-lapalma.com\/fr\/clause-de-non-responsabilite\/\" \/>\n<meta property=\"og:site_name\" content=\"La Palmita La Palma - Appartement-penthouse avec toit-terrasse grande et vue panoramique\" \/>\n<meta property=\"article:modified_time\" content=\"2024-05-16T06:51:50+00:00\" \/>\n<meta name=\"twitter:card\" content=\"summary_large_image\" \/>\n<meta name=\"twitter:label1\" content=\"Dur\u00e9e de lecture estim\u00e9e\" \/>\n\t<meta name=\"twitter:data1\" content=\"2 minutes\" \/>\n<script type=\"application\/ld+json\" class=\"yoast-schema-graph\">{\"@context\":\"https:\\\/\\\/schema.org\",\"@graph\":[{\"@type\":\"WebPage\",\"@id\":\"https:\\\/\\\/lapalmita-lapalma.com\\\/fr\\\/clause-de-non-responsabilite\\\/\",\"url\":\"https:\\\/\\\/lapalmita-lapalma.com\\\/fr\\\/clause-de-non-responsabilite\\\/\",\"name\":\"Clause de non-responsabilit\u00e9 - La Palmita La Palma - Appartement-penthouse avec toit-terrasse grande et vue panoramique\",\"isPartOf\":{\"@id\":\"https:\\\/\\\/lapalmita-lapalma.com\\\/fr\\\/#website\"},\"datePublished\":\"2018-03-19T11:32:47+00:00\",\"dateModified\":\"2024-05-16T06:51:50+00:00\",\"breadcrumb\":{\"@id\":\"https:\\\/\\\/lapalmita-lapalma.com\\\/fr\\\/clause-de-non-responsabilite\\\/#breadcrumb\"},\"inLanguage\":\"fr-FR\",\"potentialAction\":[{\"@type\":\"ReadAction\",\"target\":[\"https:\\\/\\\/lapalmita-lapalma.com\\\/fr\\\/clause-de-non-responsabilite\\\/\"]}]},{\"@type\":\"BreadcrumbList\",\"@id\":\"https:\\\/\\\/lapalmita-lapalma.com\\\/fr\\\/clause-de-non-responsabilite\\\/#breadcrumb\",\"itemListElement\":[{\"@type\":\"ListItem\",\"position\":1,\"name\":\"Home\",\"item\":\"https:\\\/\\\/lapalmita-lapalma.com\\\/fr\\\/\"},{\"@type\":\"ListItem\",\"position\":2,\"name\":\"Clause de non-responsabilit\u00e9\"}]},{\"@type\":\"WebSite\",\"@id\":\"https:\\\/\\\/lapalmita-lapalma.com\\\/fr\\\/#website\",\"url\":\"https:\\\/\\\/lapalmita-lapalma.com\\\/fr\\\/\",\"name\":\"La Palmita La Palma - Appartement-penthouse avec toit-terrasse grande et vue panoramique\",\"description\":\"home\",\"publisher\":{\"@id\":\"https:\\\/\\\/lapalmita-lapalma.com\\\/fr\\\/#organization\"},\"potentialAction\":[{\"@type\":\"SearchAction\",\"target\":{\"@type\":\"EntryPoint\",\"urlTemplate\":\"https:\\\/\\\/lapalmita-lapalma.com\\\/fr\\\/?s={search_term_string}\"},\"query-input\":{\"@type\":\"PropertyValueSpecification\",\"valueRequired\":true,\"valueName\":\"search_term_string\"}}],\"inLanguage\":\"fr-FR\"},{\"@type\":\"Organization\",\"@id\":\"https:\\\/\\\/lapalmita-lapalma.com\\\/fr\\\/#organization\",\"name\":\"La Palmita - La Palma\",\"url\":\"https:\\\/\\\/lapalmita-lapalma.com\\\/fr\\\/\",\"logo\":{\"@type\":\"ImageObject\",\"inLanguage\":\"fr-FR\",\"@id\":\"https:\\\/\\\/lapalmita-lapalma.com\\\/fr\\\/#\\\/schema\\\/logo\\\/image\\\/\",\"url\":\"https:\\\/\\\/lapalmita-lapalma.com\\\/wp-content\\\/uploads\\\/Logo-La-Palmita.png\",\"contentUrl\":\"https:\\\/\\\/lapalmita-lapalma.com\\\/wp-content\\\/uploads\\\/Logo-La-Palmita.png\",\"width\":196,\"height\":80,\"caption\":\"La Palmita - La Palma\"},\"image\":{\"@id\":\"https:\\\/\\\/lapalmita-lapalma.com\\\/fr\\\/#\\\/schema\\\/logo\\\/image\\\/\"}}]}<\/script>\n<!-- \/ Yoast SEO plugin. -->","yoast_head_json":{"title":"Clause de non-responsabilit\u00e9 - La Palmita La Palma - Appartement-penthouse avec toit-terrasse grande et vue panoramique","robots":{"index":"index","follow":"follow","max-snippet":"max-snippet:-1","max-image-preview":"max-image-preview:large","max-video-preview":"max-video-preview:-1"},"canonical":"https:\/\/lapalmita-lapalma.com\/fr\/clause-de-non-responsabilite\/","og_locale":"fr_FR","og_type":"article","og_title":"Clause de non-responsabilit\u00e9 - La Palmita La Palma - Appartement-penthouse avec toit-terrasse grande et vue panoramique","og_description":"Descargo de responsabilidad para lapalmita-lapalma.com En esta p\u00e1gina encontrar\u00e1 el descargo de responsabilidad de lapalmita-lapalma.com, puesto a disposici\u00f3n por La [&hellip;]","og_url":"https:\/\/lapalmita-lapalma.com\/fr\/clause-de-non-responsabilite\/","og_site_name":"La Palmita La Palma - Appartement-penthouse avec toit-terrasse grande et vue panoramique","article_modified_time":"2024-05-16T06:51:50+00:00","twitter_card":"summary_large_image","twitter_misc":{"Dur\u00e9e de lecture estim\u00e9e":"2 minutes"},"schema":{"@context":"https:\/\/schema.org","@graph":[{"@type":"WebPage","@id":"https:\/\/lapalmita-lapalma.com\/fr\/clause-de-non-responsabilite\/","url":"https:\/\/lapalmita-lapalma.com\/fr\/clause-de-non-responsabilite\/","name":"Clause de non-responsabilit\u00e9 - La Palmita La Palma - Appartement-penthouse avec toit-terrasse grande et vue panoramique","isPartOf":{"@id":"https:\/\/lapalmita-lapalma.com\/fr\/#website"},"datePublished":"2018-03-19T11:32:47+00:00","dateModified":"2024-05-16T06:51:50+00:00","breadcrumb":{"@id":"https:\/\/lapalmita-lapalma.com\/fr\/clause-de-non-responsabilite\/#breadcrumb"},"inLanguage":"fr-FR","potentialAction":[{"@type":"ReadAction","target":["https:\/\/lapalmita-lapalma.com\/fr\/clause-de-non-responsabilite\/"]}]},{"@type":"BreadcrumbList","@id":"https:\/\/lapalmita-lapalma.com\/fr\/clause-de-non-responsabilite\/#breadcrumb","itemListElement":[{"@type":"ListItem","position":1,"name":"Home","item":"https:\/\/lapalmita-lapalma.com\/fr\/"},{"@type":"ListItem","position":2,"name":"Clause de non-responsabilit\u00e9"}]},{"@type":"WebSite","@id":"https:\/\/lapalmita-lapalma.com\/fr\/#website","url":"https:\/\/lapalmita-lapalma.com\/fr\/","name":"La Palmita La Palma - Appartement-penthouse avec toit-terrasse grande et vue panoramique","description":"home","publisher":{"@id":"https:\/\/lapalmita-lapalma.com\/fr\/#organization"},"potentialAction":[{"@type":"SearchAction","target":{"@type":"EntryPoint","urlTemplate":"https:\/\/lapalmita-lapalma.com\/fr\/?s={search_term_string}"},"query-input":{"@type":"PropertyValueSpecification","valueRequired":true,"valueName":"search_term_string"}}],"inLanguage":"fr-FR"},{"@type":"Organization","@id":"https:\/\/lapalmita-lapalma.com\/fr\/#organization","name":"La Palmita - La Palma","url":"https:\/\/lapalmita-lapalma.com\/fr\/","logo":{"@type":"ImageObject","inLanguage":"fr-FR","@id":"https:\/\/lapalmita-lapalma.com\/fr\/#\/schema\/logo\/image\/","url":"https:\/\/lapalmita-lapalma.com\/wp-content\/uploads\/Logo-La-Palmita.png","contentUrl":"https:\/\/lapalmita-lapalma.com\/wp-content\/uploads\/Logo-La-Palmita.png","width":196,"height":80,"caption":"La Palmita - La Palma"},"image":{"@id":"https:\/\/lapalmita-lapalma.com\/fr\/#\/schema\/logo\/image\/"}}]}},"spectra_custom_meta":{"_yoast_wpseo_content_score":["60"],"_wpml_word_count":["{\"total\":292,\"to_translate\":{\"en\":292,\"fr\":292,\"de\":292,\"es\":292}}"],"_wpml_media_duplicate":["0"],"_wpml_media_featured":["0"],"_wpml_location_migration_done":["1"],"_yoast_wpseo_estimated-reading-time-minutes":["2"],"_yoast_wpseo_wordproof_timestamp":[""],"_edit_lock":["1715842311:2"],"_last_translation_edit_mode":["native-editor"],"_edit_last":["2"],"_wp_page_template":[""],"adv-header-id-meta":[""],"stick-header-meta":[""],"site-post-title":["disabled"],"theme-transparent-header-meta":[""],"_uag_page_assets":["a:9:{s:3:\"css\";s:2425:\".wp-block-uagb-container.uagb-block-12b04391 .uagb-container__shape-top svg{width: calc( 100% + 1.3px );}.wp-block-uagb-container.uagb-block-12b04391 .uagb-container__shape.uagb-container__shape-top .uagb-container__shape-fill{fill: rgba(51,51,51,1);}.wp-block-uagb-container.uagb-block-12b04391 .uagb-container__shape-bottom svg{width: calc( 100% + 1.3px );}.wp-block-uagb-container.uagb-block-12b04391 .uagb-container__shape.uagb-container__shape-bottom .uagb-container__shape-fill{fill: rgba(51,51,51,1);}.wp-block-uagb-container.uagb-block-12b04391 .uagb-container__video-wrap video{opacity: 1;}.wp-block-uagb-container.uagb-is-root-container .uagb-block-12b04391{max-width: 100%;width: 100%;}.wp-block-uagb-container.uagb-is-root-container.alignfull.uagb-block-12b04391 > .uagb-container-inner-blocks-wrap{--inner-content-custom-width: min( 100%, 1150px);max-width: var(--inner-content-custom-width);width: 100%;flex-direction: column;align-items: flex-start;justify-content: flex-start;flex-wrap: nowrap;row-gap: 0px;column-gap: 0px;}.wp-block-uagb-container.uagb-block-12b04391{box-shadow: 0px 0px   #00000070 ;padding-top: 0px;padding-bottom: 0px;padding-left: 0px;padding-right: 0px;margin-top:  !important;margin-bottom:  !important;overflow: visible;order: initial;border-color: inherit;row-gap: 0px;column-gap: 0px;}@media only screen and (max-width: 976px) {.wp-block-uagb-container.uagb-is-root-container .uagb-block-12b04391{width: 100%;}.wp-block-uagb-container.uagb-is-root-container.alignfull.uagb-block-12b04391 > .uagb-container-inner-blocks-wrap{--inner-content-custom-width: min( 100%, 1024px);max-width: var(--inner-content-custom-width);width: 100%;}.wp-block-uagb-container.uagb-block-12b04391{padding-top: 0px;padding-bottom: 0px;padding-left: 0px;padding-right: 0px;margin-top:  !important;margin-bottom:  !important;order: initial;}}@media only screen and (max-width: 767px) {.wp-block-uagb-container.uagb-is-root-container .uagb-block-12b04391{max-width: 100%;width: 100%;}.wp-block-uagb-container.uagb-is-root-container.alignfull.uagb-block-12b04391 > .uagb-container-inner-blocks-wrap{--inner-content-custom-width: min( 100%, 767px);max-width: var(--inner-content-custom-width);width: 100%;flex-wrap: wrap;}.wp-block-uagb-container.uagb-block-12b04391{padding-top: 0px;padding-bottom: 0px;padding-left: 0px;padding-right: 0px;margin-top:  !important;margin-bottom:  !important;order: initial;}}\";s:2:\"js\";s:0:\"\";s:18:\"current_block_list\";a:3:{i:0;s:14:\"uagb\/container\";i:1;s:13:\"core\/freeform\";i:2;s:14:\"core\/paragraph\";}s:8:\"uag_flag\";b:1;s:11:\"uag_version\";s:10:\"1775453144\";s:6:\"gfonts\";a:0:{}s:10:\"gfonts_url\";s:0:\"\";s:12:\"gfonts_files\";a:0:{}s:14:\"uag_faq_layout\";b:0;}"]},"uagb_featured_image_src":{"full":false,"thumbnail":false,"medium":false,"medium_large":false,"large":false,"1536x1536":false,"2048x2048":false},"uagb_author_info":{"display_name":"itlapalma","author_link":"https:\/\/lapalmita-lapalma.com\/fr\/author\/itlapalma\/"},"uagb_comment_info":0,"uagb_excerpt":"Descargo de responsabilidad para lapalmita-lapalma.com En esta p\u00e1gina encontrar\u00e1 el descargo de responsabilidad de lapalmita-lapalma.com, puesto a disposici\u00f3n por La [&hellip;]","_links":{"self":[{"href":"https:\/\/lapalmita-lapalma.com\/fr\/wp-json\/wp\/v2\/pages\/1571","targetHints":{"allow":["GET"]}}],"collection":[{"href":"https:\/\/lapalmita-lapalma.com\/fr\/wp-json\/wp\/v2\/pages"}],"about":[{"href":"https:\/\/lapalmita-lapalma.com\/fr\/wp-json\/wp\/v2\/types\/page"}],"author":[{"embeddable":true,"href":"https:\/\/lapalmita-lapalma.com\/fr\/wp-json\/wp\/v2\/users\/2"}],"replies":[{"embeddable":true,"href":"https:\/\/lapalmita-lapalma.com\/fr\/wp-json\/wp\/v2\/comments?post=1571"}],"version-history":[{"count":0,"href":"https:\/\/lapalmita-lapalma.com\/fr\/wp-json\/wp\/v2\/pages\/1571\/revisions"}],"wp:attachment":[{"href":"https:\/\/lapalmita-lapalma.com\/fr\/wp-json\/wp\/v2\/media?parent=1571"}],"curies":[{"name":"wp","href":"https:\/\/api.w.org\/{rel}","templated":true}]}}