{"id":1583,"date":"2018-01-26T09:34:54","date_gmt":"2018-01-26T09:34:54","guid":{"rendered":"https:\/\/lapalmita-lapalma.com\/contact\/"},"modified":"2024-05-16T06:40:39","modified_gmt":"2024-05-16T06:40:39","slug":"contact","status":"publish","type":"page","link":"https:\/\/lapalmita-lapalma.com\/fr\/contact\/","title":{"rendered":"Contact"},"content":{"rendered":"\n<div class=\"wp-block-uagb-container uagb-block-798dac0c alignfull uagb-is-root-container\">\n<div class=\"wp-block-cover itlp_fotobanner\" style=\"min-height:600px;aspect-ratio:unset;\"><span aria-hidden=\"true\" class=\"wp-block-cover__background has-background-dim-0 has-background-dim\"><\/span><img loading=\"lazy\" decoding=\"async\" width=\"1920\" height=\"599\" class=\"wp-block-cover__image-background wp-image-1190\" alt=\"\" src=\"https:\/\/lapalmita-lapalma.com\/wp-content\/uploads\/banner_la_palmita_pagina_contact_1920x600.jpg\" data-object-fit=\"cover\" srcset=\"https:\/\/lapalmita-lapalma.com\/wp-content\/uploads\/banner_la_palmita_pagina_contact_1920x600.jpg 1920w, https:\/\/lapalmita-lapalma.com\/wp-content\/uploads\/banner_la_palmita_pagina_contact_1920x600-300x94.jpg 300w, https:\/\/lapalmita-lapalma.com\/wp-content\/uploads\/banner_la_palmita_pagina_contact_1920x600-1024x319.jpg 1024w, https:\/\/lapalmita-lapalma.com\/wp-content\/uploads\/banner_la_palmita_pagina_contact_1920x600-768x240.jpg 768w, https:\/\/lapalmita-lapalma.com\/wp-content\/uploads\/banner_la_palmita_pagina_contact_1920x600-1536x479.jpg 1536w\" sizes=\"auto, (max-width: 1920px) 100vw, 1920px\" \/><div class=\"wp-block-cover__inner-container is-layout-flow wp-block-cover-is-layout-flow\">\n<h1 style=\"text-align: center;\">Avez-vous des questions?<\/h1>\n<p style=\"text-align: center;\">Contactez-nous<\/p>\n<\/div><\/div>\n<\/div>\n\n\n\n<div class=\"wp-block-uagb-container uagb-block-dcd092c8 alignfull uagb-is-root-container\"><div class=\"uagb-container-inner-blocks-wrap\">\n<h1>Si vous avez des questions, veuillez nous contacter ici<\/h1>\n\n<div class=\"wpcf7 no-js\" id=\"wpcf7-f937-o1\" lang=\"en-US\" dir=\"ltr\" data-wpcf7-id=\"937\">\n<div class=\"screen-reader-response\"><p role=\"status\" aria-live=\"polite\" aria-atomic=\"true\"><\/p> <ul><\/ul><\/div>\n<form action=\"\/fr\/wp-json\/wp\/v2\/pages\/1583#wpcf7-f937-o1\" method=\"post\" class=\"wpcf7-form init\" aria-label=\"Contact form\" novalidate=\"novalidate\" data-status=\"init\">\n<fieldset class=\"hidden-fields-container\"><input type=\"hidden\" name=\"_wpcf7\" value=\"937\" \/><input type=\"hidden\" name=\"_wpcf7_version\" value=\"6.1.5\" \/><input type=\"hidden\" name=\"_wpcf7_locale\" value=\"en_US\" \/><input type=\"hidden\" name=\"_wpcf7_unit_tag\" value=\"wpcf7-f937-o1\" \/><input type=\"hidden\" name=\"_wpcf7_container_post\" value=\"0\" \/><input type=\"hidden\" name=\"_wpcf7_posted_data_hash\" value=\"\" \/>\n<\/fieldset>\n<p><label> Nom *<br \/>\n<span class=\"wpcf7-form-control-wrap\" data-name=\"your-name\"><input size=\"40\" maxlength=\"400\" class=\"wpcf7-form-control wpcf7-text wpcf7-validates-as-required\" aria-required=\"true\" aria-invalid=\"false\" value=\"\" type=\"text\" name=\"your-name\" \/><\/span> <\/label>\n<\/p>\n<p><label> Adresse Email *<br \/>\n<span class=\"wpcf7-form-control-wrap\" data-name=\"your-email\"><input size=\"40\" maxlength=\"400\" class=\"wpcf7-form-control wpcf7-email wpcf7-validates-as-required wpcf7-text wpcf7-validates-as-email\" aria-required=\"true\" aria-invalid=\"false\" value=\"\" type=\"email\" name=\"your-email\" \/><\/span> <\/label>\n<\/p>\n<p><label> Num\u00e9ro de t\u00e9l\u00e9phone *<br \/>\n<span class=\"wpcf7-form-control-wrap\" data-name=\"your-telefon\"><input size=\"40\" maxlength=\"400\" class=\"wpcf7-form-control wpcf7-text wpcf7-validates-as-required\" aria-required=\"true\" aria-invalid=\"false\" value=\"\" type=\"text\" name=\"your-telefon\" \/><\/span> <\/label>\n<\/p>\n<p><label><br \/>\ncheck-in<br \/>\n<span class=\"wpcf7-form-control-wrap\" data-name=\"von\"><input class=\"wpcf7-form-control wpcf7-date wpcf7-validates-as-date\" aria-invalid=\"false\" value=\"\" type=\"date\" name=\"von\" \/><\/span> <\/label>\n<\/p>\n<p><label><br \/>\ncheck-out<br \/>\n<span class=\"wpcf7-form-control-wrap\" data-name=\"bis\"><input class=\"wpcf7-form-control wpcf7-date wpcf7-validates-as-date\" aria-invalid=\"false\" value=\"\" type=\"date\" name=\"bis\" \/><\/span> <\/label>\n<\/p>\n<p><label><br \/>\nNombre de personnes<br \/>\n<span class=\"wpcf7-form-control-wrap\" data-name=\"anzahl\"><input class=\"wpcf7-form-control wpcf7-number wpcf7-validates-as-number\" min=\"1\" max=\"30\" aria-invalid=\"false\" value=\"\" type=\"number\" name=\"anzahl\" \/><\/span> <\/label>\n<\/p>\n<p><label> Message *<br \/>\n<span class=\"wpcf7-form-control-wrap\" data-name=\"your-message\"><textarea cols=\"40\" rows=\"10\" maxlength=\"2000\" class=\"wpcf7-form-control wpcf7-textarea wpcf7-validates-as-required\" aria-required=\"true\" aria-invalid=\"false\" name=\"your-message\"><\/textarea><\/span> <\/label>\n<\/p>\n<p><span class=\"wpcf7-form-control-wrap\" data-name=\"request-consent\"><span class=\"wpcf7-form-control wpcf7-acceptance\"><span class=\"wpcf7-list-item\"><label><input type=\"checkbox\" name=\"request-consent\" value=\"1\" aria-invalid=\"false\" \/><span class=\"wpcf7-list-item-label\">J'accepte que La Palmita utilise ces informations pour r\u00e9pondre \u00e0 ma question. Les donn\u00e9es ne seront pas transmises \u00e0 des tiers. Voir notre d\u00e9claration de confidentialit\u00e9.<\/span><\/label><\/span><\/span><\/span>\n<\/p>\n<p><input class=\"wpcf7-form-control wpcf7-submit has-spinner\" type=\"submit\" value=\"Envoyer\" \/>\n<\/p><input type=\"hidden\" id=\"ct_checkjs_cf7_a5e00132373a7031000fd987a3c9f87b\" name=\"ct_checkjs_cf7\" value=\"0\" \/><script >setTimeout(function(){var ct_input_name = \"ct_checkjs_cf7_a5e00132373a7031000fd987a3c9f87b\";if (document.getElementById(ct_input_name) !== null) {var ct_input_value = document.getElementById(ct_input_name).value;document.getElementById(ct_input_name).value = document.getElementById(ct_input_name).value.replace(ct_input_value, 'be88e71598a3f6f45c9a0905713fac384bc845966e6dd294f71c73f41e7bc1f1');}}, 1000);<\/script><input\n                    class=\"apbct_special_field apbct_email_id__wp_contact_form_7\"\n                    name=\"apbct__email_id__wp_contact_form_7\"\n                    aria-label=\"apbct__label_id__wp_contact_form_7\"\n                    type=\"text\" size=\"30\" maxlength=\"200\" autocomplete=\"off\"\n                    value=\"\"\n                \/><div class=\"wpcf7-response-output\" aria-hidden=\"true\"><\/div>\n<\/form>\n<\/div>\n\n\n\n\n<p><\/p>\n<\/div><\/div>\n","protected":false},"excerpt":{"rendered":"<p>Si vous avez des questions, veuillez nous contacter ici<\/p>\n","protected":false},"author":2,"featured_media":0,"parent":0,"menu_order":0,"comment_status":"closed","ping_status":"closed","template":"","meta":{"_uag_custom_page_level_css":"","site-sidebar-layout":"default","site-content-layout":"","ast-site-content-layout":"default","site-content-style":"default","site-sidebar-style":"default","ast-global-header-display":"","ast-banner-title-visibility":"","ast-main-header-display":"","ast-hfb-above-header-display":"","ast-hfb-below-header-display":"","ast-hfb-mobile-header-display":"","site-post-title":"disabled","ast-breadcrumbs-content":"","ast-featured-img":"","footer-sml-layout":"","ast-disable-related-posts":"","theme-transparent-header-meta":"","adv-header-id-meta":"","stick-header-meta":"","header-above-stick-meta":"","header-main-stick-meta":"","header-below-stick-meta":"","astra-migrate-meta-layouts":"default","ast-page-background-enabled":"default","ast-page-background-meta":{"desktop":{"background-color":"var(--ast-global-color-4)","background-image":"","background-repeat":"repeat","background-position":"center center","background-size":"auto","background-attachment":"scroll","background-type":"","background-media":"","overlay-type":"","overlay-color":"","overlay-opacity":"","overlay-gradient":""},"tablet":{"background-color":"","background-image":"","background-repeat":"repeat","background-position":"center center","background-size":"auto","background-attachment":"scroll","background-type":"","background-media":"","overlay-type":"","overlay-color":"","overlay-opacity":"","overlay-gradient":""},"mobile":{"background-color":"","background-image":"","background-repeat":"repeat","background-position":"center center","background-size":"auto","background-attachment":"scroll","background-type":"","background-media":"","overlay-type":"","overlay-color":"","overlay-opacity":"","overlay-gradient":""}},"ast-content-background-meta":{"desktop":{"background-color":"var(--ast-global-color-5)","background-image":"","background-repeat":"repeat","background-position":"center center","background-size":"auto","background-attachment":"scroll","background-type":"","background-media":"","overlay-type":"","overlay-color":"","overlay-opacity":"","overlay-gradient":""},"tablet":{"background-color":"var(--ast-global-color-5)","background-image":"","background-repeat":"repeat","background-position":"center center","background-size":"auto","background-attachment":"scroll","background-type":"","background-media":"","overlay-type":"","overlay-color":"","overlay-opacity":"","overlay-gradient":""},"mobile":{"background-color":"var(--ast-global-color-5)","background-image":"","background-repeat":"repeat","background-position":"center center","background-size":"auto","background-attachment":"scroll","background-type":"","background-media":"","overlay-type":"","overlay-color":"","overlay-opacity":"","overlay-gradient":""}},"footnotes":""},"class_list":["post-1583","page","type-page","status-publish","hentry"],"yoast_head":"<!-- This site is optimized with the Yoast SEO plugin v27.2 - https:\/\/yoast.com\/product\/yoast-seo-wordpress\/ -->\n<title>Contact - La Palmita La Palma - Appartement-penthouse avec toit-terrasse grande et vue panoramique<\/title>\n<meta name=\"robots\" content=\"index, follow, max-snippet:-1, max-image-preview:large, max-video-preview:-1\" \/>\n<link rel=\"canonical\" href=\"https:\/\/lapalmita-lapalma.com\/fr\/contact\/\" \/>\n<meta property=\"og:locale\" content=\"fr_FR\" \/>\n<meta property=\"og:type\" content=\"article\" \/>\n<meta property=\"og:title\" content=\"Contact - La Palmita La Palma - Appartement-penthouse avec toit-terrasse grande et vue panoramique\" \/>\n<meta property=\"og:description\" content=\"Si vous avez des questions, veuillez nous contacter ici\" \/>\n<meta property=\"og:url\" content=\"https:\/\/lapalmita-lapalma.com\/fr\/contact\/\" \/>\n<meta property=\"og:site_name\" content=\"La Palmita La Palma - Appartement-penthouse avec toit-terrasse grande et vue panoramique\" \/>\n<meta property=\"article:modified_time\" content=\"2024-05-16T06:40:39+00:00\" \/>\n<meta property=\"og:image\" content=\"https:\/\/lapalmita-lapalma.com\/wp-content\/uploads\/banner_la_palmita_pagina_contact_1920x600.jpg\" \/>\n<meta name=\"twitter:card\" content=\"summary_large_image\" \/>\n<meta name=\"twitter:label1\" content=\"Dur\u00e9e de lecture estim\u00e9e\" \/>\n\t<meta name=\"twitter:data1\" content=\"1 minute\" \/>\n<script type=\"application\/ld+json\" class=\"yoast-schema-graph\">{\"@context\":\"https:\/\/schema.org\",\"@graph\":[{\"@type\":\"WebPage\",\"@id\":\"https:\/\/lapalmita-lapalma.com\/fr\/contact\/\",\"url\":\"https:\/\/lapalmita-lapalma.com\/fr\/contact\/\",\"name\":\"Contact - La Palmita La Palma - Appartement-penthouse avec toit-terrasse grande et vue panoramique\",\"isPartOf\":{\"@id\":\"https:\/\/lapalmita-lapalma.com\/fr\/#website\"},\"primaryImageOfPage\":{\"@id\":\"https:\/\/lapalmita-lapalma.com\/fr\/contact\/#primaryimage\"},\"image\":{\"@id\":\"https:\/\/lapalmita-lapalma.com\/fr\/contact\/#primaryimage\"},\"thumbnailUrl\":\"https:\/\/lapalmita-lapalma.com\/wp-content\/uploads\/banner_la_palmita_pagina_contact_1920x600.jpg\",\"datePublished\":\"2018-01-26T09:34:54+00:00\",\"dateModified\":\"2024-05-16T06:40:39+00:00\",\"breadcrumb\":{\"@id\":\"https:\/\/lapalmita-lapalma.com\/fr\/contact\/#breadcrumb\"},\"inLanguage\":\"fr-FR\",\"potentialAction\":[{\"@type\":\"ReadAction\",\"target\":[\"https:\/\/lapalmita-lapalma.com\/fr\/contact\/\"]}]},{\"@type\":\"ImageObject\",\"inLanguage\":\"fr-FR\",\"@id\":\"https:\/\/lapalmita-lapalma.com\/fr\/contact\/#primaryimage\",\"url\":\"https:\/\/lapalmita-lapalma.com\/wp-content\/uploads\/banner_la_palmita_pagina_contact_1920x600.jpg\",\"contentUrl\":\"https:\/\/lapalmita-lapalma.com\/wp-content\/uploads\/banner_la_palmita_pagina_contact_1920x600.jpg\"},{\"@type\":\"BreadcrumbList\",\"@id\":\"https:\/\/lapalmita-lapalma.com\/fr\/contact\/#breadcrumb\",\"itemListElement\":[{\"@type\":\"ListItem\",\"position\":1,\"name\":\"Home\",\"item\":\"https:\/\/lapalmita-lapalma.com\/fr\/\"},{\"@type\":\"ListItem\",\"position\":2,\"name\":\"Contact\"}]},{\"@type\":\"WebSite\",\"@id\":\"https:\/\/lapalmita-lapalma.com\/fr\/#website\",\"url\":\"https:\/\/lapalmita-lapalma.com\/fr\/\",\"name\":\"La Palmita La Palma - Appartement-penthouse avec toit-terrasse grande et vue panoramique\",\"description\":\"home\",\"publisher\":{\"@id\":\"https:\/\/lapalmita-lapalma.com\/fr\/#organization\"},\"potentialAction\":[{\"@type\":\"SearchAction\",\"target\":{\"@type\":\"EntryPoint\",\"urlTemplate\":\"https:\/\/lapalmita-lapalma.com\/fr\/?s={search_term_string}\"},\"query-input\":{\"@type\":\"PropertyValueSpecification\",\"valueRequired\":true,\"valueName\":\"search_term_string\"}}],\"inLanguage\":\"fr-FR\"},{\"@type\":\"Organization\",\"@id\":\"https:\/\/lapalmita-lapalma.com\/fr\/#organization\",\"name\":\"La Palmita - La Palma\",\"url\":\"https:\/\/lapalmita-lapalma.com\/fr\/\",\"logo\":{\"@type\":\"ImageObject\",\"inLanguage\":\"fr-FR\",\"@id\":\"https:\/\/lapalmita-lapalma.com\/fr\/#\/schema\/logo\/image\/\",\"url\":\"https:\/\/lapalmita-lapalma.com\/wp-content\/uploads\/Logo-La-Palmita.png\",\"contentUrl\":\"https:\/\/lapalmita-lapalma.com\/wp-content\/uploads\/Logo-La-Palmita.png\",\"width\":196,\"height\":80,\"caption\":\"La Palmita - La Palma\"},\"image\":{\"@id\":\"https:\/\/lapalmita-lapalma.com\/fr\/#\/schema\/logo\/image\/\"}}]}<\/script>\n<!-- \/ Yoast SEO plugin. -->","yoast_head_json":{"title":"Contact - La Palmita La Palma - Appartement-penthouse avec toit-terrasse grande et vue panoramique","robots":{"index":"index","follow":"follow","max-snippet":"max-snippet:-1","max-image-preview":"max-image-preview:large","max-video-preview":"max-video-preview:-1"},"canonical":"https:\/\/lapalmita-lapalma.com\/fr\/contact\/","og_locale":"fr_FR","og_type":"article","og_title":"Contact - La Palmita La Palma - Appartement-penthouse avec toit-terrasse grande et vue panoramique","og_description":"Si vous avez des questions, veuillez nous contacter ici","og_url":"https:\/\/lapalmita-lapalma.com\/fr\/contact\/","og_site_name":"La Palmita La Palma - Appartement-penthouse avec toit-terrasse grande et vue panoramique","article_modified_time":"2024-05-16T06:40:39+00:00","og_image":[{"url":"https:\/\/lapalmita-lapalma.com\/wp-content\/uploads\/banner_la_palmita_pagina_contact_1920x600.jpg","type":"","width":"","height":""}],"twitter_card":"summary_large_image","twitter_misc":{"Dur\u00e9e de lecture estim\u00e9e":"1 minute"},"schema":{"@context":"https:\/\/schema.org","@graph":[{"@type":"WebPage","@id":"https:\/\/lapalmita-lapalma.com\/fr\/contact\/","url":"https:\/\/lapalmita-lapalma.com\/fr\/contact\/","name":"Contact - La Palmita La Palma - Appartement-penthouse avec toit-terrasse grande et vue panoramique","isPartOf":{"@id":"https:\/\/lapalmita-lapalma.com\/fr\/#website"},"primaryImageOfPage":{"@id":"https:\/\/lapalmita-lapalma.com\/fr\/contact\/#primaryimage"},"image":{"@id":"https:\/\/lapalmita-lapalma.com\/fr\/contact\/#primaryimage"},"thumbnailUrl":"https:\/\/lapalmita-lapalma.com\/wp-content\/uploads\/banner_la_palmita_pagina_contact_1920x600.jpg","datePublished":"2018-01-26T09:34:54+00:00","dateModified":"2024-05-16T06:40:39+00:00","breadcrumb":{"@id":"https:\/\/lapalmita-lapalma.com\/fr\/contact\/#breadcrumb"},"inLanguage":"fr-FR","potentialAction":[{"@type":"ReadAction","target":["https:\/\/lapalmita-lapalma.com\/fr\/contact\/"]}]},{"@type":"ImageObject","inLanguage":"fr-FR","@id":"https:\/\/lapalmita-lapalma.com\/fr\/contact\/#primaryimage","url":"https:\/\/lapalmita-lapalma.com\/wp-content\/uploads\/banner_la_palmita_pagina_contact_1920x600.jpg","contentUrl":"https:\/\/lapalmita-lapalma.com\/wp-content\/uploads\/banner_la_palmita_pagina_contact_1920x600.jpg"},{"@type":"BreadcrumbList","@id":"https:\/\/lapalmita-lapalma.com\/fr\/contact\/#breadcrumb","itemListElement":[{"@type":"ListItem","position":1,"name":"Home","item":"https:\/\/lapalmita-lapalma.com\/fr\/"},{"@type":"ListItem","position":2,"name":"Contact"}]},{"@type":"WebSite","@id":"https:\/\/lapalmita-lapalma.com\/fr\/#website","url":"https:\/\/lapalmita-lapalma.com\/fr\/","name":"La Palmita La Palma - Appartement-penthouse avec toit-terrasse grande et vue panoramique","description":"home","publisher":{"@id":"https:\/\/lapalmita-lapalma.com\/fr\/#organization"},"potentialAction":[{"@type":"SearchAction","target":{"@type":"EntryPoint","urlTemplate":"https:\/\/lapalmita-lapalma.com\/fr\/?s={search_term_string}"},"query-input":{"@type":"PropertyValueSpecification","valueRequired":true,"valueName":"search_term_string"}}],"inLanguage":"fr-FR"},{"@type":"Organization","@id":"https:\/\/lapalmita-lapalma.com\/fr\/#organization","name":"La Palmita - La Palma","url":"https:\/\/lapalmita-lapalma.com\/fr\/","logo":{"@type":"ImageObject","inLanguage":"fr-FR","@id":"https:\/\/lapalmita-lapalma.com\/fr\/#\/schema\/logo\/image\/","url":"https:\/\/lapalmita-lapalma.com\/wp-content\/uploads\/Logo-La-Palmita.png","contentUrl":"https:\/\/lapalmita-lapalma.com\/wp-content\/uploads\/Logo-La-Palmita.png","width":196,"height":80,"caption":"La Palmita - La Palma"},"image":{"@id":"https:\/\/lapalmita-lapalma.com\/fr\/#\/schema\/logo\/image\/"}}]}},"spectra_custom_meta":{"_wpml_media_duplicate":["0"],"_wpml_media_featured":["0"],"_wpml_word_count":["{\"total\":50,\"to_translate\":{\"en\":50,\"fr\":50,\"de\":50,\"es\":50}}"],"_wpml_location_migration_done":["1"],"_yoast_wpseo_estimated-reading-time-minutes":["1"],"_yoast_wpseo_wordproof_timestamp":[""],"_edit_lock":["1715841649:2"],"_last_translation_edit_mode":["native-editor"],"_edit_last":["2"],"_wp_page_template":[""],"_yoast_wpseo_content_score":["90"],"adv-header-id-meta":[""],"stick-header-meta":[""],"site-post-title":["disabled"],"theme-transparent-header-meta":[""],"_uag_page_assets":["a:9:{s:3:\"css\";s:4071:\".wp-block-uagb-container.uagb-block-798dac0c .uagb-container__shape-top svg{width: calc( 100% + 1.3px );}.wp-block-uagb-container.uagb-block-798dac0c .uagb-container__shape.uagb-container__shape-top .uagb-container__shape-fill{fill: rgba(51,51,51,1);}.wp-block-uagb-container.uagb-block-798dac0c .uagb-container__shape-bottom svg{width: calc( 100% + 1.3px );}.wp-block-uagb-container.uagb-block-798dac0c .uagb-container__shape.uagb-container__shape-bottom .uagb-container__shape-fill{fill: rgba(51,51,51,1);}.wp-block-uagb-container.uagb-block-798dac0c .uagb-container__video-wrap video{opacity: 1;}.wp-block-uagb-container.uagb-is-root-container .uagb-block-798dac0c{max-width: 100%;width: 100%;}.wp-block-uagb-container.uagb-block-798dac0c{box-shadow: 0px 0px   #00000070 ;padding-top: 0px;padding-bottom: 0px;padding-left: 0px;padding-right: 0px;margin-top:  !important;margin-bottom:  !important;overflow: visible;order: initial;border-color: inherit;flex-direction: column;align-items: flex-start;justify-content: flex-start;flex-wrap: nowrap;row-gap: 0px;column-gap: 0px;}.wp-block-uagb-container.uagb-block-dcd092c8 .uagb-container__shape-top svg{width: calc( 100% + 1.3px );}.wp-block-uagb-container.uagb-block-dcd092c8 .uagb-container__shape.uagb-container__shape-top .uagb-container__shape-fill{fill: rgba(51,51,51,1);}.wp-block-uagb-container.uagb-block-dcd092c8 .uagb-container__shape-bottom svg{width: calc( 100% + 1.3px );}.wp-block-uagb-container.uagb-block-dcd092c8 .uagb-container__shape.uagb-container__shape-bottom .uagb-container__shape-fill{fill: rgba(51,51,51,1);}.wp-block-uagb-container.uagb-block-dcd092c8 .uagb-container__video-wrap video{opacity: 1;}.wp-block-uagb-container.uagb-is-root-container .uagb-block-dcd092c8{max-width: 100%;width: 100%;}.wp-block-uagb-container.uagb-is-root-container.alignfull.uagb-block-dcd092c8 > .uagb-container-inner-blocks-wrap{--inner-content-custom-width: min( 100%, 1150px);max-width: var(--inner-content-custom-width);width: 100%;flex-direction: column;align-items: flex-start;justify-content: flex-start;flex-wrap: nowrap;row-gap: 0px;column-gap: 0px;}.wp-block-uagb-container.uagb-block-dcd092c8{box-shadow: 0px 0px   #00000070 ;padding-top: 0px;padding-bottom: 0px;padding-left: 0px;padding-right: 0px;margin-top:  !important;margin-bottom:  !important;overflow: visible;order: initial;border-color: inherit;row-gap: 0px;column-gap: 0px;}@media only screen and (max-width: 976px) {.wp-block-uagb-container.uagb-is-root-container .uagb-block-798dac0c{width: 100%;}.wp-block-uagb-container.uagb-block-798dac0c{padding-top: 0px;padding-bottom: 0px;padding-left: 0px;padding-right: 0px;margin-top:  !important;margin-bottom:  !important;order: initial;}.wp-block-uagb-container.uagb-is-root-container .uagb-block-dcd092c8{width: 100%;}.wp-block-uagb-container.uagb-is-root-container.alignfull.uagb-block-dcd092c8 > .uagb-container-inner-blocks-wrap{--inner-content-custom-width: min( 100%, 1024px);max-width: var(--inner-content-custom-width);width: 100%;}.wp-block-uagb-container.uagb-block-dcd092c8{padding-top: 0px;padding-bottom: 0px;padding-left: 0px;padding-right: 0px;margin-top:  !important;margin-bottom:  !important;order: initial;}}@media only screen and (max-width: 767px) {.wp-block-uagb-container.uagb-is-root-container .uagb-block-798dac0c{max-width: 100%;width: 100%;}.wp-block-uagb-container.uagb-block-798dac0c{padding-top: 0px;padding-bottom: 0px;padding-left: 0px;padding-right: 0px;margin-top:  !important;margin-bottom:  !important;order: initial;flex-wrap: wrap;}.wp-block-uagb-container.uagb-is-root-container .uagb-block-dcd092c8{max-width: 100%;width: 100%;}.wp-block-uagb-container.uagb-is-root-container.alignfull.uagb-block-dcd092c8 > .uagb-container-inner-blocks-wrap{--inner-content-custom-width: min( 100%, 767px);max-width: var(--inner-content-custom-width);width: 100%;flex-wrap: wrap;}.wp-block-uagb-container.uagb-block-dcd092c8{padding-top: 0px;padding-bottom: 0px;padding-left: 0px;padding-right: 0px;margin-top:  !important;margin-bottom:  !important;order: initial;}}\";s:2:\"js\";s:0:\"\";s:18:\"current_block_list\";a:4:{i:0;s:14:\"uagb\/container\";i:1;s:10:\"core\/cover\";i:2;s:13:\"core\/freeform\";i:3;s:14:\"core\/paragraph\";}s:8:\"uag_flag\";b:1;s:11:\"uag_version\";s:10:\"1774264386\";s:6:\"gfonts\";a:0:{}s:10:\"gfonts_url\";s:0:\"\";s:12:\"gfonts_files\";a:0:{}s:14:\"uag_faq_layout\";b:0;}"]},"uagb_featured_image_src":{"full":false,"thumbnail":false,"medium":false,"medium_large":false,"large":false,"1536x1536":false,"2048x2048":false},"uagb_author_info":{"display_name":"itlapalma","author_link":"https:\/\/lapalmita-lapalma.com\/fr\/author\/itlapalma\/"},"uagb_comment_info":0,"uagb_excerpt":"Si vous avez des questions, veuillez nous contacter ici","_links":{"self":[{"href":"https:\/\/lapalmita-lapalma.com\/fr\/wp-json\/wp\/v2\/pages\/1583","targetHints":{"allow":["GET"]}}],"collection":[{"href":"https:\/\/lapalmita-lapalma.com\/fr\/wp-json\/wp\/v2\/pages"}],"about":[{"href":"https:\/\/lapalmita-lapalma.com\/fr\/wp-json\/wp\/v2\/types\/page"}],"author":[{"embeddable":true,"href":"https:\/\/lapalmita-lapalma.com\/fr\/wp-json\/wp\/v2\/users\/2"}],"replies":[{"embeddable":true,"href":"https:\/\/lapalmita-lapalma.com\/fr\/wp-json\/wp\/v2\/comments?post=1583"}],"version-history":[{"count":0,"href":"https:\/\/lapalmita-lapalma.com\/fr\/wp-json\/wp\/v2\/pages\/1583\/revisions"}],"wp:attachment":[{"href":"https:\/\/lapalmita-lapalma.com\/fr\/wp-json\/wp\/v2\/media?parent=1583"}],"curies":[{"name":"wp","href":"https:\/\/api.w.org\/{rel}","templated":true}]}}