{"id":1604,"date":"2022-08-18T06:36:51","date_gmt":"2022-08-18T06:36:51","guid":{"rendered":"https:\/\/lapalmita-lapalma.com\/?page_id=1604"},"modified":"2024-05-16T06:54:57","modified_gmt":"2024-05-16T06:54:57","slug":"comment-se-rendre-a-la-palma","status":"publish","type":"page","link":"https:\/\/lapalmita-lapalma.com\/fr\/comment-se-rendre-a-la-palma\/","title":{"rendered":"Comment se rendre \u00e0 La Palma"},"content":{"rendered":"\n<div class=\"wp-block-uagb-container uagb-block-4b1b4c47 alignfull uagb-is-root-container\">\n<div class=\"wp-block-cover is-light itlp_fotobanner\" style=\"min-height:600px;aspect-ratio:unset;\"><span aria-hidden=\"true\" class=\"wp-block-cover__background has-background-dim-0 has-background-dim\"><\/span><img loading=\"lazy\" decoding=\"async\" width=\"1920\" height=\"601\" class=\"wp-block-cover__image-background wp-image-1204\" alt=\"\" src=\"https:\/\/lapalmita-lapalma.com\/wp-content\/uploads\/banner_la_palmita_pagina_reisnaarlapalma_1920x600.jpg\" data-object-fit=\"cover\" srcset=\"https:\/\/lapalmita-lapalma.com\/wp-content\/uploads\/banner_la_palmita_pagina_reisnaarlapalma_1920x600.jpg 1920w, https:\/\/lapalmita-lapalma.com\/wp-content\/uploads\/banner_la_palmita_pagina_reisnaarlapalma_1920x600-300x94.jpg 300w, https:\/\/lapalmita-lapalma.com\/wp-content\/uploads\/banner_la_palmita_pagina_reisnaarlapalma_1920x600-1024x321.jpg 1024w, https:\/\/lapalmita-lapalma.com\/wp-content\/uploads\/banner_la_palmita_pagina_reisnaarlapalma_1920x600-768x240.jpg 768w, https:\/\/lapalmita-lapalma.com\/wp-content\/uploads\/banner_la_palmita_pagina_reisnaarlapalma_1920x600-1536x481.jpg 1536w\" sizes=\"auto, (max-width: 1920px) 100vw, 1920px\" \/><div class=\"wp-block-cover__inner-container is-layout-flow wp-block-cover-is-layout-flow\">\n<h1 style=\"text-align: center;\"><span style=\"color: #ffffff;\">Comment arriver \u00e0 La Palma?<\/span><\/h1>\n<p style=\"text-align: center;\"><span style=\"color: #ffffff;\">\u00a0<\/span><\/p>\n<\/div><\/div>\n<\/div>\n\n\n\n<div class=\"wp-block-uagb-container uagb-block-862c041a alignfull uagb-is-root-container\"><div class=\"uagb-container-inner-blocks-wrap\">\n<h1>Comment arriver \u00e0 La Palma?<\/h1>\n<ul>\n<li><a href=\"https:\/\/www.iberia.com\/fr\/\" target=\"_blank\" rel=\"noopener noreferrer nofollow\">IBERIA<\/a> propose des vols depuis plusieurs villes en France avec une escale \u00e0 Madrid<\/li>\n<li>De Barcelone, <a href=\"https:\/\/www.vueling.com\/fr\/\" target=\"_blank\" rel=\"noopener noreferrer nofollow\">VUELING<\/a> propose des vols directs \u00e0 La Palma, mais pas toute l\u2019ann\u00e9e<\/li>\n<li>Il est \u00e9galement possible de prendre un vol \u00e0 destination de Tenerife ou de Grande Canarie avec un vol de correspondance avec <a href=\"https:\/\/www.bintercanarias.com\/fre\/reserve-basic\" target=\"_blank\" rel=\"noopener noreferrer nofollow\">BINTER CANARIAS<\/a> ou <a href=\"https:\/\/www.canaryfly.es\/\" target=\"_blank\" rel=\"noopener noreferrer nofollow\">CANARYFLY<\/a> vers Santa Cruz de la Palma.<\/li>\n<\/ul>\n<p>Les horaires actuels des vols peuvent \u00eatre consult\u00e9 sur les sites Web des compagnies a\u00e9riennes.<\/p>\n<p><strong>ATTENTION\u00a0:<\/strong><br \/>Assurez-vous de choisir Santa Cruz de La Palma, code a\u00e9roport SPC lors de la r\u00e9servation de votre vol. Il arrive souvent que des gens choisissent par erreur Las Palmas (= capitale de Grande Canarie) ou Palma de Majorque (sur l\u2019\u00eele de Majorque).<\/p>\n\n\n\n<p><\/p>\n<\/div><\/div>\n","protected":false},"excerpt":{"rendered":"<p>Comment arriver \u00e0 La Palma? IBERIA propose des vols depuis plusieurs villes en France avec une escale \u00e0 Madrid De [&hellip;]<\/p>\n","protected":false},"author":2,"featured_media":0,"parent":0,"menu_order":0,"comment_status":"closed","ping_status":"closed","template":"","meta":{"_uag_custom_page_level_css":"","site-sidebar-layout":"default","site-content-layout":"","ast-site-content-layout":"default","site-content-style":"default","site-sidebar-style":"default","ast-global-header-display":"","ast-banner-title-visibility":"","ast-main-header-display":"","ast-hfb-above-header-display":"","ast-hfb-below-header-display":"","ast-hfb-mobile-header-display":"","site-post-title":"disabled","ast-breadcrumbs-content":"","ast-featured-img":"","footer-sml-layout":"","ast-disable-related-posts":"","theme-transparent-header-meta":"","adv-header-id-meta":"","stick-header-meta":"","header-above-stick-meta":"","header-main-stick-meta":"","header-below-stick-meta":"","astra-migrate-meta-layouts":"default","ast-page-background-enabled":"default","ast-page-background-meta":{"desktop":{"background-color":"var(--ast-global-color-4)","background-image":"","background-repeat":"repeat","background-position":"center center","background-size":"auto","background-attachment":"scroll","background-type":"","background-media":"","overlay-type":"","overlay-color":"","overlay-opacity":"","overlay-gradient":""},"tablet":{"background-color":"","background-image":"","background-repeat":"repeat","background-position":"center center","background-size":"auto","background-attachment":"scroll","background-type":"","background-media":"","overlay-type":"","overlay-color":"","overlay-opacity":"","overlay-gradient":""},"mobile":{"background-color":"","background-image":"","background-repeat":"repeat","background-position":"center center","background-size":"auto","background-attachment":"scroll","background-type":"","background-media":"","overlay-type":"","overlay-color":"","overlay-opacity":"","overlay-gradient":""}},"ast-content-background-meta":{"desktop":{"background-color":"var(--ast-global-color-5)","background-image":"","background-repeat":"repeat","background-position":"center center","background-size":"auto","background-attachment":"scroll","background-type":"","background-media":"","overlay-type":"","overlay-color":"","overlay-opacity":"","overlay-gradient":""},"tablet":{"background-color":"var(--ast-global-color-5)","background-image":"","background-repeat":"repeat","background-position":"center center","background-size":"auto","background-attachment":"scroll","background-type":"","background-media":"","overlay-type":"","overlay-color":"","overlay-opacity":"","overlay-gradient":""},"mobile":{"background-color":"var(--ast-global-color-5)","background-image":"","background-repeat":"repeat","background-position":"center center","background-size":"auto","background-attachment":"scroll","background-type":"","background-media":"","overlay-type":"","overlay-color":"","overlay-opacity":"","overlay-gradient":""}},"footnotes":""},"class_list":["post-1604","page","type-page","status-publish","hentry"],"yoast_head":"<!-- This site is optimized with the Yoast SEO plugin v27.3 - https:\/\/yoast.com\/product\/yoast-seo-wordpress\/ -->\n<title>Comment se rendre \u00e0 La Palma - La Palmita La Palma - Appartement-penthouse avec toit-terrasse grande et vue panoramique<\/title>\n<meta name=\"robots\" content=\"index, follow, max-snippet:-1, max-image-preview:large, max-video-preview:-1\" \/>\n<link rel=\"canonical\" href=\"https:\/\/lapalmita-lapalma.com\/fr\/comment-se-rendre-a-la-palma\/\" \/>\n<meta property=\"og:locale\" content=\"fr_FR\" \/>\n<meta property=\"og:type\" content=\"article\" \/>\n<meta property=\"og:title\" content=\"Comment se rendre \u00e0 La Palma - La Palmita La Palma - Appartement-penthouse avec toit-terrasse grande et vue panoramique\" \/>\n<meta property=\"og:description\" content=\"Comment arriver \u00e0 La Palma? IBERIA propose des vols depuis plusieurs villes en France avec une escale \u00e0 Madrid De [&hellip;]\" \/>\n<meta property=\"og:url\" content=\"https:\/\/lapalmita-lapalma.com\/fr\/comment-se-rendre-a-la-palma\/\" \/>\n<meta property=\"og:site_name\" content=\"La Palmita La Palma - Appartement-penthouse avec toit-terrasse grande et vue panoramique\" \/>\n<meta property=\"article:modified_time\" content=\"2024-05-16T06:54:57+00:00\" \/>\n<meta property=\"og:image\" content=\"https:\/\/lapalmita-lapalma.com\/wp-content\/uploads\/banner_la_palmita_pagina_reisnaarlapalma_1920x600.jpg\" \/>\n<meta name=\"twitter:card\" content=\"summary_large_image\" \/>\n<meta name=\"twitter:label1\" content=\"Dur\u00e9e de lecture estim\u00e9e\" \/>\n\t<meta name=\"twitter:data1\" content=\"1 minute\" \/>\n<script type=\"application\/ld+json\" class=\"yoast-schema-graph\">{\"@context\":\"https:\\\/\\\/schema.org\",\"@graph\":[{\"@type\":\"WebPage\",\"@id\":\"https:\\\/\\\/lapalmita-lapalma.com\\\/fr\\\/comment-se-rendre-a-la-palma\\\/\",\"url\":\"https:\\\/\\\/lapalmita-lapalma.com\\\/fr\\\/comment-se-rendre-a-la-palma\\\/\",\"name\":\"Comment se rendre \u00e0 La Palma - La Palmita La Palma - Appartement-penthouse avec toit-terrasse grande et vue panoramique\",\"isPartOf\":{\"@id\":\"https:\\\/\\\/lapalmita-lapalma.com\\\/fr\\\/#website\"},\"primaryImageOfPage\":{\"@id\":\"https:\\\/\\\/lapalmita-lapalma.com\\\/fr\\\/comment-se-rendre-a-la-palma\\\/#primaryimage\"},\"image\":{\"@id\":\"https:\\\/\\\/lapalmita-lapalma.com\\\/fr\\\/comment-se-rendre-a-la-palma\\\/#primaryimage\"},\"thumbnailUrl\":\"https:\\\/\\\/lapalmita-lapalma.com\\\/wp-content\\\/uploads\\\/banner_la_palmita_pagina_reisnaarlapalma_1920x600.jpg\",\"datePublished\":\"2022-08-18T06:36:51+00:00\",\"dateModified\":\"2024-05-16T06:54:57+00:00\",\"breadcrumb\":{\"@id\":\"https:\\\/\\\/lapalmita-lapalma.com\\\/fr\\\/comment-se-rendre-a-la-palma\\\/#breadcrumb\"},\"inLanguage\":\"fr-FR\",\"potentialAction\":[{\"@type\":\"ReadAction\",\"target\":[\"https:\\\/\\\/lapalmita-lapalma.com\\\/fr\\\/comment-se-rendre-a-la-palma\\\/\"]}]},{\"@type\":\"ImageObject\",\"inLanguage\":\"fr-FR\",\"@id\":\"https:\\\/\\\/lapalmita-lapalma.com\\\/fr\\\/comment-se-rendre-a-la-palma\\\/#primaryimage\",\"url\":\"https:\\\/\\\/lapalmita-lapalma.com\\\/wp-content\\\/uploads\\\/banner_la_palmita_pagina_reisnaarlapalma_1920x600.jpg\",\"contentUrl\":\"https:\\\/\\\/lapalmita-lapalma.com\\\/wp-content\\\/uploads\\\/banner_la_palmita_pagina_reisnaarlapalma_1920x600.jpg\"},{\"@type\":\"BreadcrumbList\",\"@id\":\"https:\\\/\\\/lapalmita-lapalma.com\\\/fr\\\/comment-se-rendre-a-la-palma\\\/#breadcrumb\",\"itemListElement\":[{\"@type\":\"ListItem\",\"position\":1,\"name\":\"Home\",\"item\":\"https:\\\/\\\/lapalmita-lapalma.com\\\/fr\\\/\"},{\"@type\":\"ListItem\",\"position\":2,\"name\":\"Comment se rendre \u00e0 La Palma\"}]},{\"@type\":\"WebSite\",\"@id\":\"https:\\\/\\\/lapalmita-lapalma.com\\\/fr\\\/#website\",\"url\":\"https:\\\/\\\/lapalmita-lapalma.com\\\/fr\\\/\",\"name\":\"La Palmita La Palma - Appartement-penthouse avec toit-terrasse grande et vue panoramique\",\"description\":\"home\",\"publisher\":{\"@id\":\"https:\\\/\\\/lapalmita-lapalma.com\\\/fr\\\/#organization\"},\"potentialAction\":[{\"@type\":\"SearchAction\",\"target\":{\"@type\":\"EntryPoint\",\"urlTemplate\":\"https:\\\/\\\/lapalmita-lapalma.com\\\/fr\\\/?s={search_term_string}\"},\"query-input\":{\"@type\":\"PropertyValueSpecification\",\"valueRequired\":true,\"valueName\":\"search_term_string\"}}],\"inLanguage\":\"fr-FR\"},{\"@type\":\"Organization\",\"@id\":\"https:\\\/\\\/lapalmita-lapalma.com\\\/fr\\\/#organization\",\"name\":\"La Palmita - La Palma\",\"url\":\"https:\\\/\\\/lapalmita-lapalma.com\\\/fr\\\/\",\"logo\":{\"@type\":\"ImageObject\",\"inLanguage\":\"fr-FR\",\"@id\":\"https:\\\/\\\/lapalmita-lapalma.com\\\/fr\\\/#\\\/schema\\\/logo\\\/image\\\/\",\"url\":\"https:\\\/\\\/lapalmita-lapalma.com\\\/wp-content\\\/uploads\\\/Logo-La-Palmita.png\",\"contentUrl\":\"https:\\\/\\\/lapalmita-lapalma.com\\\/wp-content\\\/uploads\\\/Logo-La-Palmita.png\",\"width\":196,\"height\":80,\"caption\":\"La Palmita - La Palma\"},\"image\":{\"@id\":\"https:\\\/\\\/lapalmita-lapalma.com\\\/fr\\\/#\\\/schema\\\/logo\\\/image\\\/\"}}]}<\/script>\n<!-- \/ Yoast SEO plugin. -->","yoast_head_json":{"title":"Comment se rendre \u00e0 La Palma - La Palmita La Palma - Appartement-penthouse avec toit-terrasse grande et vue panoramique","robots":{"index":"index","follow":"follow","max-snippet":"max-snippet:-1","max-image-preview":"max-image-preview:large","max-video-preview":"max-video-preview:-1"},"canonical":"https:\/\/lapalmita-lapalma.com\/fr\/comment-se-rendre-a-la-palma\/","og_locale":"fr_FR","og_type":"article","og_title":"Comment se rendre \u00e0 La Palma - La Palmita La Palma - Appartement-penthouse avec toit-terrasse grande et vue panoramique","og_description":"Comment arriver \u00e0 La Palma? IBERIA propose des vols depuis plusieurs villes en France avec une escale \u00e0 Madrid De [&hellip;]","og_url":"https:\/\/lapalmita-lapalma.com\/fr\/comment-se-rendre-a-la-palma\/","og_site_name":"La Palmita La Palma - Appartement-penthouse avec toit-terrasse grande et vue panoramique","article_modified_time":"2024-05-16T06:54:57+00:00","og_image":[{"url":"https:\/\/lapalmita-lapalma.com\/wp-content\/uploads\/banner_la_palmita_pagina_reisnaarlapalma_1920x600.jpg","type":"","width":"","height":""}],"twitter_card":"summary_large_image","twitter_misc":{"Dur\u00e9e de lecture estim\u00e9e":"1 minute"},"schema":{"@context":"https:\/\/schema.org","@graph":[{"@type":"WebPage","@id":"https:\/\/lapalmita-lapalma.com\/fr\/comment-se-rendre-a-la-palma\/","url":"https:\/\/lapalmita-lapalma.com\/fr\/comment-se-rendre-a-la-palma\/","name":"Comment se rendre \u00e0 La Palma - La Palmita La Palma - Appartement-penthouse avec toit-terrasse grande et vue panoramique","isPartOf":{"@id":"https:\/\/lapalmita-lapalma.com\/fr\/#website"},"primaryImageOfPage":{"@id":"https:\/\/lapalmita-lapalma.com\/fr\/comment-se-rendre-a-la-palma\/#primaryimage"},"image":{"@id":"https:\/\/lapalmita-lapalma.com\/fr\/comment-se-rendre-a-la-palma\/#primaryimage"},"thumbnailUrl":"https:\/\/lapalmita-lapalma.com\/wp-content\/uploads\/banner_la_palmita_pagina_reisnaarlapalma_1920x600.jpg","datePublished":"2022-08-18T06:36:51+00:00","dateModified":"2024-05-16T06:54:57+00:00","breadcrumb":{"@id":"https:\/\/lapalmita-lapalma.com\/fr\/comment-se-rendre-a-la-palma\/#breadcrumb"},"inLanguage":"fr-FR","potentialAction":[{"@type":"ReadAction","target":["https:\/\/lapalmita-lapalma.com\/fr\/comment-se-rendre-a-la-palma\/"]}]},{"@type":"ImageObject","inLanguage":"fr-FR","@id":"https:\/\/lapalmita-lapalma.com\/fr\/comment-se-rendre-a-la-palma\/#primaryimage","url":"https:\/\/lapalmita-lapalma.com\/wp-content\/uploads\/banner_la_palmita_pagina_reisnaarlapalma_1920x600.jpg","contentUrl":"https:\/\/lapalmita-lapalma.com\/wp-content\/uploads\/banner_la_palmita_pagina_reisnaarlapalma_1920x600.jpg"},{"@type":"BreadcrumbList","@id":"https:\/\/lapalmita-lapalma.com\/fr\/comment-se-rendre-a-la-palma\/#breadcrumb","itemListElement":[{"@type":"ListItem","position":1,"name":"Home","item":"https:\/\/lapalmita-lapalma.com\/fr\/"},{"@type":"ListItem","position":2,"name":"Comment se rendre \u00e0 La Palma"}]},{"@type":"WebSite","@id":"https:\/\/lapalmita-lapalma.com\/fr\/#website","url":"https:\/\/lapalmita-lapalma.com\/fr\/","name":"La Palmita La Palma - Appartement-penthouse avec toit-terrasse grande et vue panoramique","description":"home","publisher":{"@id":"https:\/\/lapalmita-lapalma.com\/fr\/#organization"},"potentialAction":[{"@type":"SearchAction","target":{"@type":"EntryPoint","urlTemplate":"https:\/\/lapalmita-lapalma.com\/fr\/?s={search_term_string}"},"query-input":{"@type":"PropertyValueSpecification","valueRequired":true,"valueName":"search_term_string"}}],"inLanguage":"fr-FR"},{"@type":"Organization","@id":"https:\/\/lapalmita-lapalma.com\/fr\/#organization","name":"La Palmita - La Palma","url":"https:\/\/lapalmita-lapalma.com\/fr\/","logo":{"@type":"ImageObject","inLanguage":"fr-FR","@id":"https:\/\/lapalmita-lapalma.com\/fr\/#\/schema\/logo\/image\/","url":"https:\/\/lapalmita-lapalma.com\/wp-content\/uploads\/Logo-La-Palmita.png","contentUrl":"https:\/\/lapalmita-lapalma.com\/wp-content\/uploads\/Logo-La-Palmita.png","width":196,"height":80,"caption":"La Palmita - La Palma"},"image":{"@id":"https:\/\/lapalmita-lapalma.com\/fr\/#\/schema\/logo\/image\/"}}]}},"spectra_custom_meta":{"_edit_lock":["1715842498:2"],"_wpml_word_count":["{\"total\":0,\"to_translate\":{\"nl\":12,\"en\":12,\"fr\":12,\"de\":12,\"es\":12}}"],"_edit_last":["2"],"_wp_page_template":[""],"_wpml_media_duplicate":["1"],"_wpml_media_featured":["1"],"_last_translation_edit_mode":["native-editor"],"_yoast_wpseo_estimated-reading-time-minutes":["1"],"_yoast_wpseo_wordproof_timestamp":[""],"_yoast_wpseo_content_score":["90"],"adv-header-id-meta":[""],"stick-header-meta":[""],"site-post-title":["disabled"],"theme-transparent-header-meta":[""],"_uag_page_assets":["a:9:{s:3:\"css\";s:4071:\".wp-block-uagb-container.uagb-block-4b1b4c47 .uagb-container__shape-top svg{width: calc( 100% + 1.3px );}.wp-block-uagb-container.uagb-block-4b1b4c47 .uagb-container__shape.uagb-container__shape-top .uagb-container__shape-fill{fill: rgba(51,51,51,1);}.wp-block-uagb-container.uagb-block-4b1b4c47 .uagb-container__shape-bottom svg{width: calc( 100% + 1.3px );}.wp-block-uagb-container.uagb-block-4b1b4c47 .uagb-container__shape.uagb-container__shape-bottom .uagb-container__shape-fill{fill: rgba(51,51,51,1);}.wp-block-uagb-container.uagb-block-4b1b4c47 .uagb-container__video-wrap video{opacity: 1;}.wp-block-uagb-container.uagb-is-root-container .uagb-block-4b1b4c47{max-width: 100%;width: 100%;}.wp-block-uagb-container.uagb-block-4b1b4c47{box-shadow: 0px 0px   #00000070 ;padding-top: 0px;padding-bottom: 0px;padding-left: 0px;padding-right: 0px;margin-top:  !important;margin-bottom:  !important;overflow: visible;order: initial;border-color: inherit;flex-direction: column;align-items: flex-start;justify-content: flex-start;flex-wrap: nowrap;row-gap: 0px;column-gap: 0px;}.wp-block-uagb-container.uagb-block-862c041a .uagb-container__shape-top svg{width: calc( 100% + 1.3px );}.wp-block-uagb-container.uagb-block-862c041a .uagb-container__shape.uagb-container__shape-top .uagb-container__shape-fill{fill: rgba(51,51,51,1);}.wp-block-uagb-container.uagb-block-862c041a .uagb-container__shape-bottom svg{width: calc( 100% + 1.3px );}.wp-block-uagb-container.uagb-block-862c041a .uagb-container__shape.uagb-container__shape-bottom .uagb-container__shape-fill{fill: rgba(51,51,51,1);}.wp-block-uagb-container.uagb-block-862c041a .uagb-container__video-wrap video{opacity: 1;}.wp-block-uagb-container.uagb-is-root-container .uagb-block-862c041a{max-width: 100%;width: 100%;}.wp-block-uagb-container.uagb-is-root-container.alignfull.uagb-block-862c041a > .uagb-container-inner-blocks-wrap{--inner-content-custom-width: min( 100%, 1150px);max-width: var(--inner-content-custom-width);width: 100%;flex-direction: column;align-items: flex-start;justify-content: flex-start;flex-wrap: nowrap;row-gap: 0px;column-gap: 0px;}.wp-block-uagb-container.uagb-block-862c041a{box-shadow: 0px 0px   #00000070 ;padding-top: 0px;padding-bottom: 0px;padding-left: 0px;padding-right: 0px;margin-top:  !important;margin-bottom:  !important;overflow: visible;order: initial;border-color: inherit;row-gap: 0px;column-gap: 0px;}@media only screen and (max-width: 976px) {.wp-block-uagb-container.uagb-is-root-container .uagb-block-4b1b4c47{width: 100%;}.wp-block-uagb-container.uagb-block-4b1b4c47{padding-top: 0px;padding-bottom: 0px;padding-left: 0px;padding-right: 0px;margin-top:  !important;margin-bottom:  !important;order: initial;}.wp-block-uagb-container.uagb-is-root-container .uagb-block-862c041a{width: 100%;}.wp-block-uagb-container.uagb-is-root-container.alignfull.uagb-block-862c041a > .uagb-container-inner-blocks-wrap{--inner-content-custom-width: min( 100%, 1024px);max-width: var(--inner-content-custom-width);width: 100%;}.wp-block-uagb-container.uagb-block-862c041a{padding-top: 0px;padding-bottom: 0px;padding-left: 0px;padding-right: 0px;margin-top:  !important;margin-bottom:  !important;order: initial;}}@media only screen and (max-width: 767px) {.wp-block-uagb-container.uagb-is-root-container .uagb-block-4b1b4c47{max-width: 100%;width: 100%;}.wp-block-uagb-container.uagb-block-4b1b4c47{padding-top: 0px;padding-bottom: 0px;padding-left: 0px;padding-right: 0px;margin-top:  !important;margin-bottom:  !important;order: initial;flex-wrap: wrap;}.wp-block-uagb-container.uagb-is-root-container .uagb-block-862c041a{max-width: 100%;width: 100%;}.wp-block-uagb-container.uagb-is-root-container.alignfull.uagb-block-862c041a > .uagb-container-inner-blocks-wrap{--inner-content-custom-width: min( 100%, 767px);max-width: var(--inner-content-custom-width);width: 100%;flex-wrap: wrap;}.wp-block-uagb-container.uagb-block-862c041a{padding-top: 0px;padding-bottom: 0px;padding-left: 0px;padding-right: 0px;margin-top:  !important;margin-bottom:  !important;order: initial;}}\";s:2:\"js\";s:0:\"\";s:18:\"current_block_list\";a:4:{i:0;s:14:\"uagb\/container\";i:1;s:10:\"core\/cover\";i:2;s:13:\"core\/freeform\";i:3;s:14:\"core\/paragraph\";}s:8:\"uag_flag\";b:1;s:11:\"uag_version\";s:10:\"1775453144\";s:6:\"gfonts\";a:0:{}s:10:\"gfonts_url\";s:0:\"\";s:12:\"gfonts_files\";a:0:{}s:14:\"uag_faq_layout\";b:0;}"]},"uagb_featured_image_src":{"full":false,"thumbnail":false,"medium":false,"medium_large":false,"large":false,"1536x1536":false,"2048x2048":false},"uagb_author_info":{"display_name":"itlapalma","author_link":"https:\/\/lapalmita-lapalma.com\/fr\/author\/itlapalma\/"},"uagb_comment_info":0,"uagb_excerpt":"Comment arriver \u00e0 La Palma? IBERIA propose des vols depuis plusieurs villes en France avec une escale \u00e0 Madrid De [&hellip;]","_links":{"self":[{"href":"https:\/\/lapalmita-lapalma.com\/fr\/wp-json\/wp\/v2\/pages\/1604","targetHints":{"allow":["GET"]}}],"collection":[{"href":"https:\/\/lapalmita-lapalma.com\/fr\/wp-json\/wp\/v2\/pages"}],"about":[{"href":"https:\/\/lapalmita-lapalma.com\/fr\/wp-json\/wp\/v2\/types\/page"}],"author":[{"embeddable":true,"href":"https:\/\/lapalmita-lapalma.com\/fr\/wp-json\/wp\/v2\/users\/2"}],"replies":[{"embeddable":true,"href":"https:\/\/lapalmita-lapalma.com\/fr\/wp-json\/wp\/v2\/comments?post=1604"}],"version-history":[{"count":0,"href":"https:\/\/lapalmita-lapalma.com\/fr\/wp-json\/wp\/v2\/pages\/1604\/revisions"}],"wp:attachment":[{"href":"https:\/\/lapalmita-lapalma.com\/fr\/wp-json\/wp\/v2\/media?parent=1604"}],"curies":[{"name":"wp","href":"https:\/\/api.w.org\/{rel}","templated":true}]}}